{"id":560,"date":"2025-06-11T08:35:18","date_gmt":"2025-06-11T11:35:18","guid":{"rendered":"https:\/\/lestu.com.br\/projetos\/grafithe\/?page_id=560"},"modified":"2025-11-14T10:43:15","modified_gmt":"2025-11-14T13:43:15","slug":"sobre-o-projeto","status":"publish","type":"page","link":"https:\/\/lestu.com.br\/projetos\/grafithe\/sobre-o-projeto\/","title":{"rendered":"Sobre o Projeto"},"content":{"rendered":"\n<p>GRAFI-THE \u00e9 um projeto cultural pulsante idealizado e executado pela Editora Lestu. O projeto foi aprovado pela <strong>Pol\u00edtica Nacional Aldir Blanc (PNAB 2024) <\/strong>\u2014 iniciativa do Governo Federal para apoiar de forma cont\u00ednua o setor cultural em todo o pa\u00eds. Essa chancela garante n\u00e3o apenas recursos, mas o reconhecimento da relev\u00e2ncia do <em>graffiti<\/em> como linguagem art\u00edstica transformadora e ferramenta de cidadania cultural. <br><br>O projeto se estrutura em quatro grandes frentes: 1) Oficinas de <em>graffiti<\/em> ministradas por instrutores experientes e reconhecidos, realizadas nos bairros Dirceu Arcoverde, Angelim, Mocambinho, Santa Maria da Codipi e Vale Quem Tem; 2) uma mostra itinerante com as obras produzidas nas oficinas de <em>graffiti<\/em>e; 3) um livro que resgata a mem\u00f3ria do <em>grafite<\/em> em Teresina, com seus movimentos, artistas e obras; e 4) um document\u00e1rio que narra a trajet\u00f3ria do movimento e de seus artistas na capital piauiense. <br>Essa proposta alia, desta forma, t\u00e9cnica, forma\u00e7\u00e3o cr\u00edtica e valoriza\u00e7\u00e3o da identidade cultural, ampliando repert\u00f3rios e abrindo caminhos para a atua\u00e7\u00e3o profissional na arte urbana em Teresina.<\/p>\n\n\n\n<p>Sua import\u00e2ncia reside na capacidade de dar visibilidade \u00e0s vozes silenciadas, reconhecendo o <em>graffiti<\/em> como linguagem leg\u00edtima e express\u00e3o da cidade. Ao final, o legado n\u00e3o ser\u00e1 apenas visual: ele estar\u00e1 impresso em p\u00e1ginas, registrado em v\u00eddeo, ecoando em eventos culturais e circulando pela cidade. <br>GRAFI-THE \u00e9 um convite \u00e0 transforma\u00e7\u00e3o \u2014 da parede ao papel, da tinta ao gesto, da periferia ao centro \u2014 revelando que a arte urbana \u00e9 mem\u00f3ria viva, educa\u00e7\u00e3o est\u00e9tica e direito cultural em movimento.<\/p>\n\n\n\n<figure class=\"wp-block-image size-full is-resized\"><img fetchpriority=\"high\" decoding=\"async\" width=\"1600\" height=\"224\" src=\"https:\/\/lestu.com.br\/projetos\/grafithe\/wp-content\/uploads\/2025\/04\/image.jpg\" alt=\"\" class=\"wp-image-77\" style=\"width:1531px;height:auto\"\/><\/figure>\n","protected":false},"excerpt":{"rendered":"<p>GRAFI-THE \u00e9 um projeto cultural pulsante idealizado e executado pela Editora Lestu. O projeto foi aprovado pela Pol\u00edtica Nacional Aldir Blanc (PNAB 2024) \u2014 iniciativa do Governo Federal para apoiar de forma cont\u00ednua o setor cultural em todo o pa\u00eds. Essa chancela garante n\u00e3o apenas recursos, mas o reconhecimento da relev\u00e2ncia do graffiti como linguagem [&hellip;]<\/p>\n","protected":false},"author":1,"featured_media":0,"parent":0,"menu_order":0,"comment_status":"closed","ping_status":"closed","template":"","meta":{"footnotes":""},"class_list":["post-560","page","type-page","status-publish","hentry"],"yoast_head":"<!-- This site is optimized with the Yoast SEO plugin v26.5 - https:\/\/yoast.com\/wordpress\/plugins\/seo\/ -->\n<title>Sobre o Projeto - Editora Lestu - Projeto Grafi-The<\/title>\n<meta name=\"robots\" content=\"index, follow, max-snippet:-1, max-image-preview:large, max-video-preview:-1\" \/>\n<link rel=\"canonical\" href=\"https:\/\/lestu.com.br\/projetos\/grafithe\/sobre-o-projeto\/\" \/>\n<meta property=\"og:locale\" content=\"pt_BR\" \/>\n<meta property=\"og:type\" content=\"article\" \/>\n<meta property=\"og:title\" content=\"Sobre o Projeto - Editora Lestu - Projeto Grafi-The\" \/>\n<meta property=\"og:description\" content=\"GRAFI-THE \u00e9 um projeto cultural pulsante idealizado e executado pela Editora Lestu. O projeto foi aprovado pela Pol\u00edtica Nacional Aldir Blanc (PNAB 2024) \u2014 iniciativa do Governo Federal para apoiar de forma cont\u00ednua o setor cultural em todo o pa\u00eds. Essa chancela garante n\u00e3o apenas recursos, mas o reconhecimento da relev\u00e2ncia do graffiti como linguagem [&hellip;]\" \/>\n<meta property=\"og:url\" content=\"https:\/\/lestu.com.br\/projetos\/grafithe\/sobre-o-projeto\/\" \/>\n<meta property=\"og:site_name\" content=\"Editora Lestu - Projeto Grafi-The\" \/>\n<meta property=\"article:modified_time\" content=\"2025-11-14T13:43:15+00:00\" \/>\n<meta property=\"og:image\" content=\"https:\/\/lestu.com.br\/projetos\/grafithe\/wp-content\/uploads\/2025\/04\/image.jpg\" \/>\n\t<meta property=\"og:image:width\" content=\"1600\" \/>\n\t<meta property=\"og:image:height\" content=\"224\" \/>\n\t<meta property=\"og:image:type\" content=\"image\/jpeg\" \/>\n<meta name=\"twitter:card\" content=\"summary_large_image\" \/>\n<meta name=\"twitter:label1\" content=\"Est. tempo de leitura\" \/>\n\t<meta name=\"twitter:data1\" content=\"2 minutos\" \/>\n<script type=\"application\/ld+json\" class=\"yoast-schema-graph\">{\"@context\":\"https:\/\/schema.org\",\"@graph\":[{\"@type\":\"WebPage\",\"@id\":\"https:\/\/lestu.com.br\/projetos\/grafithe\/sobre-o-projeto\/\",\"url\":\"https:\/\/lestu.com.br\/projetos\/grafithe\/sobre-o-projeto\/\",\"name\":\"Sobre o Projeto - Editora Lestu - Projeto Grafi-The\",\"isPartOf\":{\"@id\":\"https:\/\/lestu.com.br\/projetos\/grafithe\/#website\"},\"primaryImageOfPage\":{\"@id\":\"https:\/\/lestu.com.br\/projetos\/grafithe\/sobre-o-projeto\/#primaryimage\"},\"image\":{\"@id\":\"https:\/\/lestu.com.br\/projetos\/grafithe\/sobre-o-projeto\/#primaryimage\"},\"thumbnailUrl\":\"https:\/\/lestu.com.br\/projetos\/grafithe\/wp-content\/uploads\/2025\/04\/image.jpg\",\"datePublished\":\"2025-06-11T11:35:18+00:00\",\"dateModified\":\"2025-11-14T13:43:15+00:00\",\"breadcrumb\":{\"@id\":\"https:\/\/lestu.com.br\/projetos\/grafithe\/sobre-o-projeto\/#breadcrumb\"},\"inLanguage\":\"pt-BR\",\"potentialAction\":[{\"@type\":\"ReadAction\",\"target\":[\"https:\/\/lestu.com.br\/projetos\/grafithe\/sobre-o-projeto\/\"]}]},{\"@type\":\"ImageObject\",\"inLanguage\":\"pt-BR\",\"@id\":\"https:\/\/lestu.com.br\/projetos\/grafithe\/sobre-o-projeto\/#primaryimage\",\"url\":\"https:\/\/lestu.com.br\/projetos\/grafithe\/wp-content\/uploads\/2025\/04\/image.jpg\",\"contentUrl\":\"https:\/\/lestu.com.br\/projetos\/grafithe\/wp-content\/uploads\/2025\/04\/image.jpg\",\"width\":1600,\"height\":224},{\"@type\":\"BreadcrumbList\",\"@id\":\"https:\/\/lestu.com.br\/projetos\/grafithe\/sobre-o-projeto\/#breadcrumb\",\"itemListElement\":[{\"@type\":\"ListItem\",\"position\":1,\"name\":\"In\u00edcio\",\"item\":\"https:\/\/lestu.com.br\/projetos\/grafithe\/\"},{\"@type\":\"ListItem\",\"position\":2,\"name\":\"Sobre o Projeto\"}]},{\"@type\":\"WebSite\",\"@id\":\"https:\/\/lestu.com.br\/projetos\/grafithe\/#website\",\"url\":\"https:\/\/lestu.com.br\/projetos\/grafithe\/\",\"name\":\"Editora Lestu - Projeto Grafi-The\",\"description\":\"\",\"potentialAction\":[{\"@type\":\"SearchAction\",\"target\":{\"@type\":\"EntryPoint\",\"urlTemplate\":\"https:\/\/lestu.com.br\/projetos\/grafithe\/?s={search_term_string}\"},\"query-input\":{\"@type\":\"PropertyValueSpecification\",\"valueRequired\":true,\"valueName\":\"search_term_string\"}}],\"inLanguage\":\"pt-BR\"}]}<\/script>\n<!-- \/ Yoast SEO plugin. -->","yoast_head_json":{"title":"Sobre o Projeto - Editora Lestu - Projeto Grafi-The","robots":{"index":"index","follow":"follow","max-snippet":"max-snippet:-1","max-image-preview":"max-image-preview:large","max-video-preview":"max-video-preview:-1"},"canonical":"https:\/\/lestu.com.br\/projetos\/grafithe\/sobre-o-projeto\/","og_locale":"pt_BR","og_type":"article","og_title":"Sobre o Projeto - Editora Lestu - Projeto Grafi-The","og_description":"GRAFI-THE \u00e9 um projeto cultural pulsante idealizado e executado pela Editora Lestu. O projeto foi aprovado pela Pol\u00edtica Nacional Aldir Blanc (PNAB 2024) \u2014 iniciativa do Governo Federal para apoiar de forma cont\u00ednua o setor cultural em todo o pa\u00eds. Essa chancela garante n\u00e3o apenas recursos, mas o reconhecimento da relev\u00e2ncia do graffiti como linguagem [&hellip;]","og_url":"https:\/\/lestu.com.br\/projetos\/grafithe\/sobre-o-projeto\/","og_site_name":"Editora Lestu - Projeto Grafi-The","article_modified_time":"2025-11-14T13:43:15+00:00","og_image":[{"width":1600,"height":224,"url":"https:\/\/lestu.com.br\/projetos\/grafithe\/wp-content\/uploads\/2025\/04\/image.jpg","type":"image\/jpeg"}],"twitter_card":"summary_large_image","twitter_misc":{"Est. tempo de leitura":"2 minutos"},"schema":{"@context":"https:\/\/schema.org","@graph":[{"@type":"WebPage","@id":"https:\/\/lestu.com.br\/projetos\/grafithe\/sobre-o-projeto\/","url":"https:\/\/lestu.com.br\/projetos\/grafithe\/sobre-o-projeto\/","name":"Sobre o Projeto - Editora Lestu - Projeto Grafi-The","isPartOf":{"@id":"https:\/\/lestu.com.br\/projetos\/grafithe\/#website"},"primaryImageOfPage":{"@id":"https:\/\/lestu.com.br\/projetos\/grafithe\/sobre-o-projeto\/#primaryimage"},"image":{"@id":"https:\/\/lestu.com.br\/projetos\/grafithe\/sobre-o-projeto\/#primaryimage"},"thumbnailUrl":"https:\/\/lestu.com.br\/projetos\/grafithe\/wp-content\/uploads\/2025\/04\/image.jpg","datePublished":"2025-06-11T11:35:18+00:00","dateModified":"2025-11-14T13:43:15+00:00","breadcrumb":{"@id":"https:\/\/lestu.com.br\/projetos\/grafithe\/sobre-o-projeto\/#breadcrumb"},"inLanguage":"pt-BR","potentialAction":[{"@type":"ReadAction","target":["https:\/\/lestu.com.br\/projetos\/grafithe\/sobre-o-projeto\/"]}]},{"@type":"ImageObject","inLanguage":"pt-BR","@id":"https:\/\/lestu.com.br\/projetos\/grafithe\/sobre-o-projeto\/#primaryimage","url":"https:\/\/lestu.com.br\/projetos\/grafithe\/wp-content\/uploads\/2025\/04\/image.jpg","contentUrl":"https:\/\/lestu.com.br\/projetos\/grafithe\/wp-content\/uploads\/2025\/04\/image.jpg","width":1600,"height":224},{"@type":"BreadcrumbList","@id":"https:\/\/lestu.com.br\/projetos\/grafithe\/sobre-o-projeto\/#breadcrumb","itemListElement":[{"@type":"ListItem","position":1,"name":"In\u00edcio","item":"https:\/\/lestu.com.br\/projetos\/grafithe\/"},{"@type":"ListItem","position":2,"name":"Sobre o Projeto"}]},{"@type":"WebSite","@id":"https:\/\/lestu.com.br\/projetos\/grafithe\/#website","url":"https:\/\/lestu.com.br\/projetos\/grafithe\/","name":"Editora Lestu - Projeto Grafi-The","description":"","potentialAction":[{"@type":"SearchAction","target":{"@type":"EntryPoint","urlTemplate":"https:\/\/lestu.com.br\/projetos\/grafithe\/?s={search_term_string}"},"query-input":{"@type":"PropertyValueSpecification","valueRequired":true,"valueName":"search_term_string"}}],"inLanguage":"pt-BR"}]}},"_links":{"self":[{"href":"https:\/\/lestu.com.br\/projetos\/grafithe\/wp-json\/wp\/v2\/pages\/560","targetHints":{"allow":["GET"]}}],"collection":[{"href":"https:\/\/lestu.com.br\/projetos\/grafithe\/wp-json\/wp\/v2\/pages"}],"about":[{"href":"https:\/\/lestu.com.br\/projetos\/grafithe\/wp-json\/wp\/v2\/types\/page"}],"author":[{"embeddable":true,"href":"https:\/\/lestu.com.br\/projetos\/grafithe\/wp-json\/wp\/v2\/users\/1"}],"replies":[{"embeddable":true,"href":"https:\/\/lestu.com.br\/projetos\/grafithe\/wp-json\/wp\/v2\/comments?post=560"}],"version-history":[{"count":0,"href":"https:\/\/lestu.com.br\/projetos\/grafithe\/wp-json\/wp\/v2\/pages\/560\/revisions"}],"wp:attachment":[{"href":"https:\/\/lestu.com.br\/projetos\/grafithe\/wp-json\/wp\/v2\/media?parent=560"}],"curies":[{"name":"wp","href":"https:\/\/api.w.org\/{rel}","templated":true}]}}